{"id":10,"date":"2020-01-01T11:07:01","date_gmt":"2020-01-01T11:07:01","guid":{"rendered":"https:\/\/www.jam-essen.de\/?page_id=10"},"modified":"2021-11-01T15:39:32","modified_gmt":"2021-11-01T15:39:32","slug":"impressum-datenschutz","status":"publish","type":"page","link":"https:\/\/www.jam-essen.de\/en\/impressum-datenschutz\/","title":{"rendered":"Imprint and data protection"},"content":{"rendered":"\n<p>Fotos: siehe Beschriftungen der Bilder<br>Texte: <a href=\"https:\/\/www.texte-macher.de\" target=\"_blank\" rel=\"noreferrer noopener\" aria-label=\"www.texte-macher.de (\u00f6ffnet in neuem Tab)\">www.texte-macher.de<\/a><\/p>\n\n\n\n<p>Angaben gem\u00e4\u00df \u00a7 5 TMG           <\/p>\n\n\n\n<p>Volker Lahr | Keienburgeck 3 | 45470 M\u00fclheim\/Ruhr               <br>Telefon: +49 208 3017555 | E-Mail: <a href=\"mailto: info@jazzband-mobil.de\">info@jazzband-mobil.de<\/a>            <\/p>\n\n\n\n<p><strong>Haftung f\u00fcr Inhalte\n          <\/strong>\n          <\/p>\n\n\n\n<p>Die Inhalte unserer Seiten wurden mit gr\u00f6\u00dfter Sorgfalt \nerstellt. F\u00fcr die Richtigkeit, Vollst\u00e4ndigkeit und Aktualit\u00e4t der \nInhalte k\u00f6nnen wir jedoch keine Gew\u00e4hr \u00fcbernehmen. Als Diensteanbieter \nsind wir gem\u00e4\u00df \u00a7 7 Abs.1 TMG f\u00fcr eigene Inhalte auf diesen Seiten nach \nden allgemeinen Gesetzen verantwortlich. Nach \u00a7\u00a7 8 bis 10 TMG sind wir \nals Diensteanbieter jedoch nicht verpflichtet, \u00fcbermittelte oder \ngespeicherte fremde Informationen zu \u00fcberwachen oder nach Umst\u00e4nden zu \nforschen, die auf eine rechtswidrige T\u00e4tigkeit hinweisen. \nVerpflichtungen zur Entfernung oder Sperrung der Nutzung von \nInformationen nach den allgemeinen Gesetzen bleiben hiervon unber\u00fchrt. \nEine diesbez\u00fcgliche Haftung ist jedoch erst ab dem Zeitpunkt der \nKenntnis einer konkreten Rechtsverletzung m\u00f6glich. Bei Bekanntwerden von\n entsprechenden Rechtsverletzungen werden wir diese Inhalte umgehend \nentfernen. \n          <\/p>\n\n\n\n<p><strong>Urheberrecht\n          <\/strong>\n          <\/p>\n\n\n\n<p>Die durch die Seitenbetreiber erstellten Inhalte und \nWerke auf diesen Seiten unterliegen dem deutschen Urheberrecht. Die \nVervielf\u00e4ltigung, Bearbeitung, Verbreitung und jede Art der Verwertung \nau\u00dferhalb der Grenzen des Urheberrechtes bed\u00fcrfen der schriftlichen \nZustimmung des jeweiligen Autors bzw. Erstellers. Downloads und Kopien \ndieser Seite sind nur f\u00fcr den privaten, nicht kommerziellen Gebrauch \ngestattet. Soweit die Inhalte auf dieser Seite nicht vom Betreiber \nerstellt wurden, werden die Urheberrechte Dritter beachtet. Insbesondere\n werden Inhalte Dritter als solche gekennzeichnet. Sollten Sie trotzdem \nauf eine Urheberrechtsverletzung aufmerksam werden, bitten wir um einen \nentsprechenden Hinweis. Bei Bekanntwerden von Rechtsverletzungen werden \nwir derartige Inhalte umgehend entfernen. <\/p>\n\n\n\n<p><strong>Datenschutz<\/strong><\/p>\n\n\n\n<p><strong>Datenschutzerkl\u00e4rung<\/strong> <\/p>\n\n\n\n<p><strong>Geltungsbereich<\/strong> <\/p>\n\n\n\n<p>Diese Datenschutzerkl\u00e4rung soll die Nutzer dieser Website \ngem\u00e4\u00df Bundesdatenschutzgesetz und Telemediengesetz \u00fcber die Art, den \nUmfang und den Zweck der Erhebung und Verwendung personenbezogener Daten\n durch den Websitebetreiber informieren. <\/p>\n\n\n\n<p>Verantwortlich f\u00fcr diese Website ist folgender Anbieter: <\/p>\n\n\n\n<p>Volker Lahr <br>             Keienburgeck 3 <br>             45470 M\u00fclheim an Ruhr <br>             Telefon +49 208 3017555 <br>            <a href=\"mailto: info@jazzband-mobil.de\"> info@jazzband-mobil.de<\/a> <\/p>\n\n\n\n<p>Der Websitebetreiber nimmt Ihren Datenschutz sehr ernst und\n behandelt Ihre personenbezogenen Daten vertraulich und entsprechend der\n gesetzlichen Vorschriften. Bedenken Sie, dass die Daten\u00fcbertragung im \nInternet grunds\u00e4tzlich mit Sicherheitsl\u00fccken bedacht sein kann. Ein \nvollumf\u00e4nglicher Schutz vor dem Zugriff durch Fremde ist nicht \nrealisierbar. <\/p>\n\n\n\n<p><strong>Zugriffsdaten<\/strong> <\/p>\n\n\n\n<p>Der Websitebetreiber bzw. Seitenprovider erhebt Daten \u00fcber \nZugriffe auf die Seite und speichert diese als \u201eServer-Logfiles\u201c ab. \nFolgende Daten werden so protokolliert: Besuchte Website Uhrzeit zum \nZeitpunkt des Zugriffes Menge der gesendeten Daten in Byte \nQuelle\/Verweis, von welchem Sie auf die Seite gelangten Verwendeter \nBrowser Verwendetes Betriebssystem Verwendete IP-Adresse Die erhobenen \nDaten dienen lediglich statistischen Auswertungen und zur Verbesserung \nder Website. Der Websitebetreiber beh\u00e4lt sich allerdings vor, die \nServer-Logfiles nachtr\u00e4glich zu \u00fcberpr\u00fcfen, sollten konkrete \nAnhaltspunkte auf eine rechtswidrige Nutzung hinweisen. <\/p>\n\n\n\n<p><strong>Cookies<\/strong> <\/p>\n\n\n\n<p>Diese Website verwendet Cookies. Dabei handelt es sich um \nkleine Textdateien, welche auf Ihrem Endger\u00e4t gespeichert werden. Ihr \nBrowser greift auf diese Dateien zu. Durch den Einsatz von Cookies \nerh\u00f6ht sich die Benutzerfreundlichkeit und Sicherheit dieser Website. \nG\u00e4ngige Browser bieten die Einstellungsoption, Cookies nicht zuzulassen.\n Hinweis: Es ist nicht gew\u00e4hrleistet, dass Sie auf alle Funktionen \ndieser Website ohne Einschr\u00e4nkungen zugreifen k\u00f6nnen, wenn Sie \nentsprechende Einstellungen vornehmen. <\/p>\n\n\n\n<p><strong>Umgang mit personenbezogenen Daten <\/strong><\/p>\n\n\n\n<p>Der Websitebetreiber erhebt, nutzt und gibt Ihre \npersonenbezogenen Daten nur dann weiter, wenn dies im gesetzlichen \nRahmen erlaubt ist oder Sie in die Datenerhebung einwilligen. Als \npersonenbezogene Daten gelten s\u00e4mtliche Informationen, welche dazu \ndienen, Ihre Person zu bestimmen und welche zu Ihnen zur\u00fcckverfolgt \nwerden k\u00f6nnen \u2013 also beispielsweise Ihr Name, Ihre E-Mail-Adresse und \nTelefonnummer. Umgang mit <\/p>\n\n\n\n<p><strong>Kontaktdaten<\/strong> <\/p>\n\n\n\n<p>Nehmen Sie mit dem Websitebetreiber durch die angebotenen \nKontaktm\u00f6glichkeiten Verbindung auf, werden Ihre Angaben gespeichert, \ndamit auf diese zur Bearbeitung und Beantwortung Ihrer Anfrage \nzur\u00fcckgegriffen werden kann. Ohne Ihre Einwilligung werden diese Daten \nnicht an Dritte weitergegeben. <\/p>\n\n\n\n<p><strong>Umgang mit Kommentaren und Beitr\u00e4gen <\/strong><\/p>\n\n\n\n<p>Hinterlassen Sie auf dieser Website einen Beitrag oder \nKommentar, wird Ihre IP-Adresse gespeichert. Dies dient der Sicherheit \ndes Websitebetreibers: Verst\u00f6\u00dft Ihr Text gegen das Recht, m\u00f6chte er Ihre\n Identit\u00e4t nachverfolgen k\u00f6nnen. <\/p>\n\n\n\n<p><strong>Abonnements<\/strong> <\/p>\n\n\n\n<p>Sie haben die M\u00f6glichkeit, sowohl die gesamte Website als \nauch Nachfolgekommentare auf Ihren Beitrag zu abonnieren. Sie erhalten \neine E-Mail zur Best\u00e4tigung Ihrer E-Mail-Adresse. Neben dieser werden \nkeine weiteren Daten erhoben. Die gespeicherten Daten werden nicht an \nDritte weitergereicht. Sie k\u00f6nnen ein Abonnement jederzeit abbestellen. <\/p>\n\n\n\n<p><strong>Rechte des Nutzers: Auskunft, Berichtigung und L\u00f6schung <\/strong><\/p>\n\n\n\n<p>Sie als Nutzer erhalten auf Antrag Ihrerseits kostenlose \nAuskunft dar\u00fcber, welche personenbezogenen Daten \u00fcber Sie gespeichert \nwurden. Sofern Ihr Wunsch nicht mit einer gesetzlichen Pflicht zur \nAufbewahrung von Daten (z. B. Vorratsdatenspeicherung) kollidiert, haben\n Sie ein Anrecht auf Berichtigung falscher Daten und auf die Sperrung \noder L\u00f6schung Ihrer personenbezogenen Daten.<\/p>\n","protected":false},"excerpt":{"rendered":"<p>Fotos: siehe Beschriftungen der BilderTexte: www.texte-macher.de Angaben gem\u00e4\u00df \u00a7 5 TMG Volker Lahr | Keienburgeck 3 | 45470 M\u00fclheim\/Ruhr Telefon: +49 208 3017555 | E-Mail: info@jazzband-mobil.de Haftung f\u00fcr Inhalte Die Inhalte unserer Seiten wurden mit \u2026<\/p>\n","protected":false},"author":1,"featured_media":0,"parent":0,"menu_order":0,"comment_status":"closed","ping_status":"closed","template":"","meta":{"footnotes":""},"class_list":["post-10","page","type-page","status-publish","hentry"],"translation":{"provider":"WPGlobus","version":"3.0.2","language":"en","enabled_languages":["de","en"],"languages":{"de":{"title":true,"content":true,"excerpt":false},"en":{"title":true,"content":false,"excerpt":false}}},"yoast_head":"<!-- This site is optimized with the Yoast SEO plugin v27.6 - https:\/\/yoast.com\/product\/yoast-seo-wordpress\/ -->\n<title>Dinner-Jazzband buchen - JAM | jazz.akustisch.mobil - Dezent und mobil<\/title>\n<meta name=\"robots\" content=\"index, follow, max-snippet:-1, max-image-preview:large, max-video-preview:-1\" \/>\n<link rel=\"canonical\" href=\"https:\/\/www.jam-essen.de\/impressum-datenschutz\/\" \/>\n<meta property=\"og:locale\" content=\"en_US\" \/>\n<meta property=\"og:type\" content=\"article\" \/>\n<meta property=\"og:title\" content=\"Imprint and data protection &#8211; JAM | jazz.akustisch.mobil\" \/>\n<meta property=\"og:url\" content=\"https:\/\/www.jam-essen.de\/impressum-datenschutz\/\" \/>\n<meta property=\"og:site_name\" content=\"JAM | jazz.akustisch.mobil\" \/>\n<meta property=\"article:modified_time\" content=\"2021-11-01T15:39:32+00:00\" \/>\n<meta name=\"twitter:card\" content=\"summary_large_image\" \/>\n<meta name=\"twitter:label1\" content=\"Est. reading time\" \/>\n\t<meta name=\"twitter:data1\" content=\"4 minutes\" \/>\n<script type=\"application\/ld+json\" class=\"yoast-schema-graph\">{\"@context\":\"https:\\\/\\\/schema.org\",\"@graph\":[{\"@type\":\"WebPage\",\"@id\":\"https:\\\/\\\/www.jam-essen.de\\\/impressum-datenschutz\\\/\",\"url\":\"https:\\\/\\\/www.jam-essen.de\\\/impressum-datenschutz\\\/\",\"name\":\"Dinner-Jazzband buchen - JAM | jazz.akustisch.mobil - Dezent und mobil\",\"isPartOf\":{\"@id\":\"https:\\\/\\\/www.jam-essen.de\\\/#website\"},\"datePublished\":\"2020-01-01T11:07:01+00:00\",\"dateModified\":\"2021-11-01T15:39:32+00:00\",\"description\":\"Dezente Dinnermusik buchen f\u00fcr Firmen- und private Events wie Hochzeiten, Geburtstage, Er\u00f6ffnungen, Messen, Kundenveranstaltung. Ohne Strom, mobile Band.\",\"breadcrumb\":{\"@id\":\"https:\\\/\\\/www.jam-essen.de\\\/impressum-datenschutz\\\/#breadcrumb\"},\"inLanguage\":\"en-US\",\"potentialAction\":[{\"@type\":\"ReadAction\",\"target\":[\"https:\\\/\\\/www.jam-essen.de\\\/impressum-datenschutz\\\/\"]}]},{\"@type\":\"BreadcrumbList\",\"@id\":\"https:\\\/\\\/www.jam-essen.de\\\/impressum-datenschutz\\\/#breadcrumb\",\"itemListElement\":[{\"@type\":\"ListItem\",\"position\":1,\"name\":\"Startseite\",\"item\":\"https:\\\/\\\/www.jam-essen.de\\\/\"},{\"@type\":\"ListItem\",\"position\":2,\"name\":\"Impressum und Datenschutz\"}]},{\"@type\":\"WebSite\",\"@id\":\"https:\\\/\\\/www.jam-essen.de\\\/#website\",\"url\":\"https:\\\/\\\/www.jam-essen.de\\\/\",\"name\":\"JAM | jazz.akustisch.mobil\",\"description\":\"\",\"publisher\":{\"@id\":\"https:\\\/\\\/www.jam-essen.de\\\/#organization\"},\"potentialAction\":[{\"@type\":\"SearchAction\",\"target\":{\"@type\":\"EntryPoint\",\"urlTemplate\":\"https:\\\/\\\/www.jam-essen.de\\\/?s={search_term_string}\"},\"query-input\":{\"@type\":\"PropertyValueSpecification\",\"valueRequired\":true,\"valueName\":\"search_term_string\"}}],\"inLanguage\":\"en-US\"},{\"@type\":\"Organization\",\"@id\":\"https:\\\/\\\/www.jam-essen.de\\\/#organization\",\"name\":\"JAM | jazz.akustisch.mobil\",\"url\":\"https:\\\/\\\/www.jam-essen.de\\\/\",\"logo\":{\"@type\":\"ImageObject\",\"inLanguage\":\"en-US\",\"@id\":\"https:\\\/\\\/www.jam-essen.de\\\/#\\\/schema\\\/logo\\\/image\\\/\",\"url\":\"https:\\\/\\\/www.jam-essen.de\\\/wp-content\\\/uploads\\\/2020\\\/01\\\/logo_final_2014_35mm-e1577880599686.jpg\",\"contentUrl\":\"https:\\\/\\\/www.jam-essen.de\\\/wp-content\\\/uploads\\\/2020\\\/01\\\/logo_final_2014_35mm-e1577880599686.jpg\",\"width\":300,\"height\":214,\"caption\":\"JAM | jazz.akustisch.mobil\"},\"image\":{\"@id\":\"https:\\\/\\\/www.jam-essen.de\\\/#\\\/schema\\\/logo\\\/image\\\/\"},\"sameAs\":[\"https:\\\/\\\/www.youtube.com\\\/channel\\\/UChKYFRGuRm5su93jepRQUDA\"]}]}<\/script>\n<!-- \/ Yoast SEO plugin. -->","yoast_head_json":{"title":"Dinner-Jazzband buchen - JAM | jazz.akustisch.mobil - Dezent und mobil","robots":{"index":"index","follow":"follow","max-snippet":"max-snippet:-1","max-image-preview":"max-image-preview:large","max-video-preview":"max-video-preview:-1"},"canonical":"https:\/\/www.jam-essen.de\/impressum-datenschutz\/","og_locale":"en_US","og_type":"article","og_title":"Imprint and data protection &#8211; JAM | jazz.akustisch.mobil","og_url":"https:\/\/www.jam-essen.de\/impressum-datenschutz\/","og_site_name":"JAM | jazz.akustisch.mobil","article_modified_time":"2021-11-01T15:39:32+00:00","twitter_card":"summary_large_image","twitter_misc":{"Est. reading time":"4 minutes"},"schema":{"@context":"https:\/\/schema.org","@graph":[{"@type":"WebPage","@id":"https:\/\/www.jam-essen.de\/impressum-datenschutz\/","url":"https:\/\/www.jam-essen.de\/impressum-datenschutz\/","name":"Dinner-Jazzband buchen - JAM | jazz.akustisch.mobil - Dezent und mobil","isPartOf":{"@id":"https:\/\/www.jam-essen.de\/#website"},"datePublished":"2020-01-01T11:07:01+00:00","dateModified":"2021-11-01T15:39:32+00:00","description":"Dezente Dinnermusik buchen f\u00fcr Firmen- und private Events wie Hochzeiten, Geburtstage, Er\u00f6ffnungen, Messen, Kundenveranstaltung. Ohne Strom, mobile Band.","breadcrumb":{"@id":"https:\/\/www.jam-essen.de\/impressum-datenschutz\/#breadcrumb"},"inLanguage":"en-US","potentialAction":[{"@type":"ReadAction","target":["https:\/\/www.jam-essen.de\/impressum-datenschutz\/"]}]},{"@type":"BreadcrumbList","@id":"https:\/\/www.jam-essen.de\/impressum-datenschutz\/#breadcrumb","itemListElement":[{"@type":"ListItem","position":1,"name":"Startseite","item":"https:\/\/www.jam-essen.de\/"},{"@type":"ListItem","position":2,"name":"Impressum und Datenschutz"}]},{"@type":"WebSite","@id":"https:\/\/www.jam-essen.de\/#website","url":"https:\/\/www.jam-essen.de\/","name":"JAM | jazz.akustisch.mobil","description":"","publisher":{"@id":"https:\/\/www.jam-essen.de\/#organization"},"potentialAction":[{"@type":"SearchAction","target":{"@type":"EntryPoint","urlTemplate":"https:\/\/www.jam-essen.de\/?s={search_term_string}"},"query-input":{"@type":"PropertyValueSpecification","valueRequired":true,"valueName":"search_term_string"}}],"inLanguage":"en-US"},{"@type":"Organization","@id":"https:\/\/www.jam-essen.de\/#organization","name":"JAM | jazz.akustisch.mobil","url":"https:\/\/www.jam-essen.de\/","logo":{"@type":"ImageObject","inLanguage":"en-US","@id":"https:\/\/www.jam-essen.de\/#\/schema\/logo\/image\/","url":"https:\/\/www.jam-essen.de\/wp-content\/uploads\/2020\/01\/logo_final_2014_35mm-e1577880599686.jpg","contentUrl":"https:\/\/www.jam-essen.de\/wp-content\/uploads\/2020\/01\/logo_final_2014_35mm-e1577880599686.jpg","width":300,"height":214,"caption":"JAM | jazz.akustisch.mobil"},"image":{"@id":"https:\/\/www.jam-essen.de\/#\/schema\/logo\/image\/"},"sameAs":["https:\/\/www.youtube.com\/channel\/UChKYFRGuRm5su93jepRQUDA"]}]}},"_links":{"self":[{"href":"https:\/\/www.jam-essen.de\/en\/wp-json\/wp\/v2\/pages\/10","targetHints":{"allow":["GET"]}}],"collection":[{"href":"https:\/\/www.jam-essen.de\/en\/wp-json\/wp\/v2\/pages"}],"about":[{"href":"https:\/\/www.jam-essen.de\/en\/wp-json\/wp\/v2\/types\/page"}],"author":[{"embeddable":true,"href":"https:\/\/www.jam-essen.de\/en\/wp-json\/wp\/v2\/users\/1"}],"replies":[{"embeddable":true,"href":"https:\/\/www.jam-essen.de\/en\/wp-json\/wp\/v2\/comments?post=10"}],"version-history":[{"count":3,"href":"https:\/\/www.jam-essen.de\/en\/wp-json\/wp\/v2\/pages\/10\/revisions"}],"predecessor-version":[{"id":515,"href":"https:\/\/www.jam-essen.de\/en\/wp-json\/wp\/v2\/pages\/10\/revisions\/515"}],"wp:attachment":[{"href":"https:\/\/www.jam-essen.de\/en\/wp-json\/wp\/v2\/media?parent=10"}],"curies":[{"name":"wp","href":"https:\/\/api.w.org\/{rel}","templated":true}]}}