{"id":12,"date":"2020-01-01T11:09:04","date_gmt":"2020-01-01T11:09:04","guid":{"rendered":"https:\/\/www.jam-essen.de\/?page_id=12"},"modified":"2025-10-16T16:39:11","modified_gmt":"2025-10-16T16:39:11","slug":"videos","status":"publish","type":"page","link":"https:\/\/www.jam-essen.de\/en\/videos\/","title":{"rendered":"Videos"},"content":{"rendered":"\n<div class=\"wp-block-columns is-layout-flex wp-container-core-columns-is-layout-9d6595d7 wp-block-columns-is-layout-flex\">\n<div class=\"wp-block-column is-layout-flow wp-block-column-is-layout-flow\" style=\"flex-basis:66.66%\">\n<figure><figure><iframe src=\"https:\/\/www.youtube-nocookie.com\/embed\/osyrp3xY-YI?rel=0\" allowfullscreen=\"\" width=\"560\" height=\"315\"><\/iframe><\/figure><\/figure>\n<\/div>\n\n\n\n<div class=\"wp-block-column is-layout-flow wp-block-column-is-layout-flow\" style=\"flex-basis:33.33%\">\n<p><strong>Dinnerjazz mit JAM: Firmenevent in Bonn<\/strong><\/p>\n<\/div>\n<\/div>\n\n\n\n<div style=\"height:43px\" aria-hidden=\"true\" class=\"wp-block-spacer\"><\/div>\n\n\n\n<div class=\"wp-block-columns is-layout-flex wp-container-core-columns-is-layout-9d6595d7 wp-block-columns-is-layout-flex\">\n<div class=\"wp-block-column is-layout-flow wp-block-column-is-layout-flow\" style=\"flex-basis:66.66%\">\n<figure><figure><iframe src=\"https:\/\/www.youtube-nocookie.com\/embed\/Mn5JqhtmgWM?rel=0\" allowfullscreen=\"\" width=\"560\" height=\"315\"><\/iframe><\/figure><\/figure>\n<\/div>\n\n\n\n<div class=\"wp-block-column is-layout-flow wp-block-column-is-layout-flow\" style=\"flex-basis:33.33%\">\n<p><strong>Kundenvideo &#8220;Sway&#8221; (Auschnnitt)<\/strong><\/p>\n<\/div>\n<\/div>\n\n\n\n<div style=\"height:43px\" aria-hidden=\"true\" class=\"wp-block-spacer\"><\/div>\n\n\n\n<div class=\"wp-block-columns is-layout-flex wp-container-core-columns-is-layout-9d6595d7 wp-block-columns-is-layout-flex\">\n<div class=\"wp-block-column is-layout-flow wp-block-column-is-layout-flow\" style=\"flex-basis:66.66%\">\n<figure><figure><iframe src=\"https:\/\/www.youtube-nocookie.com\/embed\/jieF1ZCZ5R8?rel=0\" allowfullscreen=\"\" width=\"560\" height=\"315\"><\/iframe><\/figure><\/figure>\n<\/div>\n\n\n\n<div class=\"wp-block-column is-layout-flow wp-block-column-is-layout-flow\" style=\"flex-basis:33.33%\">\n<p><strong>Begr\u00fc\u00dfung der G\u00e4ste mit JAM<\/strong><\/p>\n<\/div>\n<\/div>\n\n\n\n<div style=\"height:43px\" aria-hidden=\"true\" class=\"wp-block-spacer\"><\/div>\n\n\n\n<div class=\"wp-block-columns is-layout-flex wp-container-core-columns-is-layout-9d6595d7 wp-block-columns-is-layout-flex\">\n<div class=\"wp-block-column is-layout-flow wp-block-column-is-layout-flow\" style=\"flex-basis:66.66%\">\n<figure><figure><iframe src=\"https:\/\/www.youtube-nocookie.com\/embed\/vWNj3wA6feE?rel=0\" allowfullscreen=\"\" width=\"560\" height=\"315\"><\/iframe><\/figure><\/figure>\n<\/div>\n\n\n\n<div class=\"wp-block-column is-layout-flow wp-block-column-is-layout-flow\" style=\"flex-basis:33.33%\">\n<p><strong>Dinnermusik mit JAM live: Mitschnitt eines Outdoor-Kundenevents<\/strong><\/p>\n<\/div>\n<\/div>\n\n\n\n<div style=\"height:43px\" aria-hidden=\"true\" class=\"wp-block-spacer\"><\/div>\n\n\n\n<div class=\"wp-block-columns is-layout-flex wp-container-core-columns-is-layout-9d6595d7 wp-block-columns-is-layout-flex\">\n<div class=\"wp-block-column is-layout-flow wp-block-column-is-layout-flow\" style=\"flex-basis:66.66%\">\n<figure><figure><iframe src=\"https:\/\/www.youtube-nocookie.com\/embed\/AbZZByQhF7A?rel=0\" allowfullscreen=\"\" width=\"560\" height=\"315\"><\/iframe><\/figure><\/figure>\n<\/div>\n\n\n\n<div class=\"wp-block-column is-layout-flow wp-block-column-is-layout-flow\" style=\"flex-basis:33.33%\">\n<p><strong>Dinnermusik mit JAM live: Mitschnitt mit Kunden-Bewertungen<\/strong><\/p>\n<\/div>\n<\/div>\n\n\n\n<div style=\"height:43px\" aria-hidden=\"true\" class=\"wp-block-spacer\"><\/div>\n\n\n\n<div class=\"wp-block-columns is-layout-flex wp-container-core-columns-is-layout-9d6595d7 wp-block-columns-is-layout-flex\">\n<div class=\"wp-block-column is-layout-flow wp-block-column-is-layout-flow\" style=\"flex-basis:66.66%\">\n<figure><figure><iframe src=\"https:\/\/www.youtube-nocookie.com\/embed\/mVI33JZJgxI?rel=0\" allowfullscreen=\"\" width=\"560\" height=\"315\"><\/iframe><\/figure><\/figure>\n<\/div>\n\n\n\n<div class=\"wp-block-column is-layout-flow wp-block-column-is-layout-flow\" style=\"flex-basis:33.33%\">\n<p><strong>Dinnermusik mit JAM live: Auszug\/Zusammenschnitt<\/strong><\/p>\n<\/div>\n<\/div>\n\n\n\n<p><\/p>\n","protected":false},"excerpt":{"rendered":"<p>Dinnerjazz mit JAM: Firmenevent in Bonn Kundenvideo &#8220;Sway&#8221; (Auschnnitt) Begr\u00fc\u00dfung der G\u00e4ste mit JAM Dinnermusik mit JAM live: Mitschnitt eines Outdoor-Kundenevents Dinnermusik mit JAM live: Mitschnitt mit Kunden-Bewertungen Dinnermusik mit JAM live: Auszug\/Zusammenschnitt<\/p>\n","protected":false},"author":1,"featured_media":0,"parent":0,"menu_order":0,"comment_status":"closed","ping_status":"closed","template":"","meta":{"footnotes":""},"class_list":["post-12","page","type-page","status-publish","hentry"],"translation":{"provider":"WPGlobus","version":"3.0.2","language":"en","enabled_languages":["de","en"],"languages":{"de":{"title":true,"content":true,"excerpt":false},"en":{"title":false,"content":false,"excerpt":false}}},"yoast_head":"<!-- This site is optimized with the Yoast SEO plugin v27.6 - https:\/\/yoast.com\/product\/yoast-seo-wordpress\/ -->\n<title>Dinnermusik sehen und h\u00f6ren - Das akustische Jazztrio aus Essen in Live-Videos - Jetzt einen Eindruck erhalten<\/title>\n<meta name=\"robots\" content=\"index, follow, max-snippet:-1, max-image-preview:large, max-video-preview:-1\" \/>\n<link rel=\"canonical\" href=\"https:\/\/www.jam-essen.de\/videos\/\" \/>\n<meta property=\"og:locale\" content=\"en_US\" \/>\n<meta property=\"og:type\" content=\"article\" \/>\n<meta property=\"og:title\" content=\"Videos &#8211; JAM | jazz.akustisch.mobil\" \/>\n<meta property=\"og:url\" content=\"https:\/\/www.jam-essen.de\/videos\/\" \/>\n<meta property=\"og:site_name\" content=\"JAM | jazz.akustisch.mobil\" \/>\n<meta property=\"article:modified_time\" content=\"2025-10-16T16:39:11+00:00\" \/>\n<meta name=\"twitter:card\" content=\"summary_large_image\" \/>\n<meta name=\"twitter:label1\" content=\"Est. reading time\" \/>\n\t<meta name=\"twitter:data1\" content=\"1 minute\" \/>\n<script type=\"application\/ld+json\" class=\"yoast-schema-graph\">{\"@context\":\"https:\\\/\\\/schema.org\",\"@graph\":[{\"@type\":\"WebPage\",\"@id\":\"https:\\\/\\\/www.jam-essen.de\\\/videos\\\/\",\"url\":\"https:\\\/\\\/www.jam-essen.de\\\/videos\\\/\",\"name\":\"Dinnermusik sehen und h\u00f6ren - Das akustische Jazztrio aus Essen in Live-Videos - Jetzt einen Eindruck erhalten\",\"isPartOf\":{\"@id\":\"https:\\\/\\\/www.jam-essen.de\\\/#website\"},\"datePublished\":\"2020-01-01T11:09:04+00:00\",\"dateModified\":\"2025-10-16T16:39:11+00:00\",\"description\":\"Videos von der mobilen Jazzband JAM, aufgenommen auf Events wie Firmenveranstaltungen, Hochzeiten, Er\u00f6ffnungen, Kundenevents.\",\"breadcrumb\":{\"@id\":\"https:\\\/\\\/www.jam-essen.de\\\/videos\\\/#breadcrumb\"},\"inLanguage\":\"en-US\",\"potentialAction\":[{\"@type\":\"ReadAction\",\"target\":[\"https:\\\/\\\/www.jam-essen.de\\\/videos\\\/\"]}]},{\"@type\":\"BreadcrumbList\",\"@id\":\"https:\\\/\\\/www.jam-essen.de\\\/videos\\\/#breadcrumb\",\"itemListElement\":[{\"@type\":\"ListItem\",\"position\":1,\"name\":\"Startseite\",\"item\":\"https:\\\/\\\/www.jam-essen.de\\\/\"},{\"@type\":\"ListItem\",\"position\":2,\"name\":\"Videos\"}]},{\"@type\":\"WebSite\",\"@id\":\"https:\\\/\\\/www.jam-essen.de\\\/#website\",\"url\":\"https:\\\/\\\/www.jam-essen.de\\\/\",\"name\":\"JAM | jazz.akustisch.mobil\",\"description\":\"\",\"publisher\":{\"@id\":\"https:\\\/\\\/www.jam-essen.de\\\/#organization\"},\"potentialAction\":[{\"@type\":\"SearchAction\",\"target\":{\"@type\":\"EntryPoint\",\"urlTemplate\":\"https:\\\/\\\/www.jam-essen.de\\\/?s={search_term_string}\"},\"query-input\":{\"@type\":\"PropertyValueSpecification\",\"valueRequired\":true,\"valueName\":\"search_term_string\"}}],\"inLanguage\":\"en-US\"},{\"@type\":\"Organization\",\"@id\":\"https:\\\/\\\/www.jam-essen.de\\\/#organization\",\"name\":\"JAM | jazz.akustisch.mobil\",\"url\":\"https:\\\/\\\/www.jam-essen.de\\\/\",\"logo\":{\"@type\":\"ImageObject\",\"inLanguage\":\"en-US\",\"@id\":\"https:\\\/\\\/www.jam-essen.de\\\/#\\\/schema\\\/logo\\\/image\\\/\",\"url\":\"https:\\\/\\\/www.jam-essen.de\\\/wp-content\\\/uploads\\\/2020\\\/01\\\/logo_final_2014_35mm-e1577880599686.jpg\",\"contentUrl\":\"https:\\\/\\\/www.jam-essen.de\\\/wp-content\\\/uploads\\\/2020\\\/01\\\/logo_final_2014_35mm-e1577880599686.jpg\",\"width\":300,\"height\":214,\"caption\":\"JAM | jazz.akustisch.mobil\"},\"image\":{\"@id\":\"https:\\\/\\\/www.jam-essen.de\\\/#\\\/schema\\\/logo\\\/image\\\/\"},\"sameAs\":[\"https:\\\/\\\/www.youtube.com\\\/channel\\\/UChKYFRGuRm5su93jepRQUDA\"]}]}<\/script>\n<!-- \/ Yoast SEO plugin. -->","yoast_head_json":{"title":"Dinnermusik sehen und h\u00f6ren - Das akustische Jazztrio aus Essen in Live-Videos - Jetzt einen Eindruck erhalten","robots":{"index":"index","follow":"follow","max-snippet":"max-snippet:-1","max-image-preview":"max-image-preview:large","max-video-preview":"max-video-preview:-1"},"canonical":"https:\/\/www.jam-essen.de\/videos\/","og_locale":"en_US","og_type":"article","og_title":"Videos &#8211; JAM | jazz.akustisch.mobil","og_url":"https:\/\/www.jam-essen.de\/videos\/","og_site_name":"JAM | jazz.akustisch.mobil","article_modified_time":"2025-10-16T16:39:11+00:00","twitter_card":"summary_large_image","twitter_misc":{"Est. reading time":"1 minute"},"schema":{"@context":"https:\/\/schema.org","@graph":[{"@type":"WebPage","@id":"https:\/\/www.jam-essen.de\/videos\/","url":"https:\/\/www.jam-essen.de\/videos\/","name":"Dinnermusik sehen und h\u00f6ren - Das akustische Jazztrio aus Essen in Live-Videos - Jetzt einen Eindruck erhalten","isPartOf":{"@id":"https:\/\/www.jam-essen.de\/#website"},"datePublished":"2020-01-01T11:09:04+00:00","dateModified":"2025-10-16T16:39:11+00:00","description":"Videos von der mobilen Jazzband JAM, aufgenommen auf Events wie Firmenveranstaltungen, Hochzeiten, Er\u00f6ffnungen, Kundenevents.","breadcrumb":{"@id":"https:\/\/www.jam-essen.de\/videos\/#breadcrumb"},"inLanguage":"en-US","potentialAction":[{"@type":"ReadAction","target":["https:\/\/www.jam-essen.de\/videos\/"]}]},{"@type":"BreadcrumbList","@id":"https:\/\/www.jam-essen.de\/videos\/#breadcrumb","itemListElement":[{"@type":"ListItem","position":1,"name":"Startseite","item":"https:\/\/www.jam-essen.de\/"},{"@type":"ListItem","position":2,"name":"Videos"}]},{"@type":"WebSite","@id":"https:\/\/www.jam-essen.de\/#website","url":"https:\/\/www.jam-essen.de\/","name":"JAM | jazz.akustisch.mobil","description":"","publisher":{"@id":"https:\/\/www.jam-essen.de\/#organization"},"potentialAction":[{"@type":"SearchAction","target":{"@type":"EntryPoint","urlTemplate":"https:\/\/www.jam-essen.de\/?s={search_term_string}"},"query-input":{"@type":"PropertyValueSpecification","valueRequired":true,"valueName":"search_term_string"}}],"inLanguage":"en-US"},{"@type":"Organization","@id":"https:\/\/www.jam-essen.de\/#organization","name":"JAM | jazz.akustisch.mobil","url":"https:\/\/www.jam-essen.de\/","logo":{"@type":"ImageObject","inLanguage":"en-US","@id":"https:\/\/www.jam-essen.de\/#\/schema\/logo\/image\/","url":"https:\/\/www.jam-essen.de\/wp-content\/uploads\/2020\/01\/logo_final_2014_35mm-e1577880599686.jpg","contentUrl":"https:\/\/www.jam-essen.de\/wp-content\/uploads\/2020\/01\/logo_final_2014_35mm-e1577880599686.jpg","width":300,"height":214,"caption":"JAM | jazz.akustisch.mobil"},"image":{"@id":"https:\/\/www.jam-essen.de\/#\/schema\/logo\/image\/"},"sameAs":["https:\/\/www.youtube.com\/channel\/UChKYFRGuRm5su93jepRQUDA"]}]}},"_links":{"self":[{"href":"https:\/\/www.jam-essen.de\/en\/wp-json\/wp\/v2\/pages\/12","targetHints":{"allow":["GET"]}}],"collection":[{"href":"https:\/\/www.jam-essen.de\/en\/wp-json\/wp\/v2\/pages"}],"about":[{"href":"https:\/\/www.jam-essen.de\/en\/wp-json\/wp\/v2\/types\/page"}],"author":[{"embeddable":true,"href":"https:\/\/www.jam-essen.de\/en\/wp-json\/wp\/v2\/users\/1"}],"replies":[{"embeddable":true,"href":"https:\/\/www.jam-essen.de\/en\/wp-json\/wp\/v2\/comments?post=12"}],"version-history":[{"count":14,"href":"https:\/\/www.jam-essen.de\/en\/wp-json\/wp\/v2\/pages\/12\/revisions"}],"predecessor-version":[{"id":666,"href":"https:\/\/www.jam-essen.de\/en\/wp-json\/wp\/v2\/pages\/12\/revisions\/666"}],"wp:attachment":[{"href":"https:\/\/www.jam-essen.de\/en\/wp-json\/wp\/v2\/media?parent=12"}],"curies":[{"name":"wp","href":"https:\/\/api.w.org\/{rel}","templated":true}]}}