{"id":20,"date":"2020-01-01T11:08:47","date_gmt":"2020-01-01T11:08:47","guid":{"rendered":"https:\/\/www.jam-essen.de\/?page_id=20"},"modified":"2025-06-22T18:09:15","modified_gmt":"2025-06-22T18:09:15","slug":"repertoire","status":"publish","type":"page","link":"https:\/\/www.jam-essen.de\/en\/repertoire\/","title":{"rendered":"Repertoire"},"content":{"rendered":"\n<p>JAM plays a varied jazz program from the American songbook &#8211; swing, bossa nova and samba.<\/p>\n\n\n\n<p>Selection: <\/p>\n\n\n\n<p>A Foggy Day | Ain\u2019t Misbehavin\u2019 | All Of Me | Autumn Leaves |  Bernie\u2019s Tune | Billies Bounce | Black Orpheus | Blue Bossa | Blues In The Closed | But Not For Me | Bye Bye Blues | Bye, Bye Blackbird |  Corcovado | Desafinado | Don\u2019t Get Around Much Anymore | Fly Me To The  Moon | Girl from Ipanema | Have You Met Miss Jones | If I Had You | I Got Rhythm | It  Could Happen To You | Isle Of Capri | La Vie En Rose | Night And Day | Oh, Lady Be Good | On The Sunny  Side Of The Street | Out Of Nowhere | Perdido | Smile | So Danco Samba | `S  Wonderful | Summer Samba | Summertime | Sweet Georgia Brown | Take The  A-Train | Tenor Madness | The Lady Is A Tramp | The Nearness Of You |  There Is No Greater Love | There will never be another you | Undecided | Wave<\/p>\n","protected":false},"excerpt":{"rendered":"<p>JAM plays a varied jazz program from the American songbook &#8211; swing, bossa nova and samba. Selection: A Foggy Day | Ain\u2019t Misbehavin\u2019 | All Of Me | Autumn Leaves | Bernie\u2019s Tune | Billies \u2026<\/p>\n","protected":false},"author":1,"featured_media":0,"parent":0,"menu_order":0,"comment_status":"closed","ping_status":"closed","template":"","meta":{"footnotes":""},"class_list":["post-20","page","type-page","status-publish","hentry"],"translation":{"provider":"WPGlobus","version":"3.0.2","language":"en","enabled_languages":["de","en"],"languages":{"de":{"title":true,"content":true,"excerpt":false},"en":{"title":true,"content":true,"excerpt":false}}},"yoast_head":"<!-- This site is optimized with the Yoast SEO plugin v27.5 - https:\/\/yoast.com\/product\/yoast-seo-wordpress\/ -->\n<title>St\u00fccke-Liste von JAM | jazz.akustisch.mobil<\/title>\n<meta name=\"robots\" content=\"index, follow, max-snippet:-1, max-image-preview:large, max-video-preview:-1\" \/>\n<link rel=\"canonical\" href=\"https:\/\/www.jam-essen.de\/repertoire\/\" \/>\n<meta property=\"og:locale\" content=\"en_US\" \/>\n<meta property=\"og:type\" content=\"article\" \/>\n<meta property=\"og:title\" content=\"Repertoire &#8211; JAM | jazz.akustisch.mobil\" \/>\n<meta property=\"og:url\" content=\"https:\/\/www.jam-essen.de\/repertoire\/\" \/>\n<meta property=\"og:site_name\" content=\"JAM | jazz.akustisch.mobil\" \/>\n<meta property=\"article:modified_time\" content=\"2025-06-22T18:09:15+00:00\" \/>\n<meta name=\"twitter:card\" content=\"summary_large_image\" \/>\n<meta name=\"twitter:label1\" content=\"Est. reading time\" \/>\n\t<meta name=\"twitter:data1\" content=\"2 minutes\" \/>\n<script type=\"application\/ld+json\" class=\"yoast-schema-graph\">{\"@context\":\"https:\\\/\\\/schema.org\",\"@graph\":[{\"@type\":\"WebPage\",\"@id\":\"https:\\\/\\\/www.jam-essen.de\\\/repertoire\\\/\",\"url\":\"https:\\\/\\\/www.jam-essen.de\\\/repertoire\\\/\",\"name\":\"St\u00fccke-Liste von JAM | jazz.akustisch.mobil\",\"isPartOf\":{\"@id\":\"https:\\\/\\\/www.jam-essen.de\\\/#website\"},\"datePublished\":\"2020-01-01T11:08:47+00:00\",\"dateModified\":\"2025-06-22T18:09:15+00:00\",\"description\":\"Songs, die ideal f\u00fcr Dinnermusik geeignet sind: Repertoire von JAM f\u00fcr private Events wie Hochzeiten, Geburtstage sowie Er\u00f6ffnungen, Messen, Kundenveranstaltungen, Absolventenfeiern.\",\"breadcrumb\":{\"@id\":\"https:\\\/\\\/www.jam-essen.de\\\/repertoire\\\/#breadcrumb\"},\"inLanguage\":\"en-US\",\"potentialAction\":[{\"@type\":\"ReadAction\",\"target\":[\"https:\\\/\\\/www.jam-essen.de\\\/repertoire\\\/\"]}]},{\"@type\":\"BreadcrumbList\",\"@id\":\"https:\\\/\\\/www.jam-essen.de\\\/repertoire\\\/#breadcrumb\",\"itemListElement\":[{\"@type\":\"ListItem\",\"position\":1,\"name\":\"Startseite\",\"item\":\"https:\\\/\\\/www.jam-essen.de\\\/\"},{\"@type\":\"ListItem\",\"position\":2,\"name\":\"Repertoire\"}]},{\"@type\":\"WebSite\",\"@id\":\"https:\\\/\\\/www.jam-essen.de\\\/#website\",\"url\":\"https:\\\/\\\/www.jam-essen.de\\\/\",\"name\":\"JAM | jazz.akustisch.mobil\",\"description\":\"\",\"publisher\":{\"@id\":\"https:\\\/\\\/www.jam-essen.de\\\/#organization\"},\"potentialAction\":[{\"@type\":\"SearchAction\",\"target\":{\"@type\":\"EntryPoint\",\"urlTemplate\":\"https:\\\/\\\/www.jam-essen.de\\\/?s={search_term_string}\"},\"query-input\":{\"@type\":\"PropertyValueSpecification\",\"valueRequired\":true,\"valueName\":\"search_term_string\"}}],\"inLanguage\":\"en-US\"},{\"@type\":\"Organization\",\"@id\":\"https:\\\/\\\/www.jam-essen.de\\\/#organization\",\"name\":\"JAM | jazz.akustisch.mobil\",\"url\":\"https:\\\/\\\/www.jam-essen.de\\\/\",\"logo\":{\"@type\":\"ImageObject\",\"inLanguage\":\"en-US\",\"@id\":\"https:\\\/\\\/www.jam-essen.de\\\/#\\\/schema\\\/logo\\\/image\\\/\",\"url\":\"https:\\\/\\\/www.jam-essen.de\\\/wp-content\\\/uploads\\\/2020\\\/01\\\/logo_final_2014_35mm-e1577880599686.jpg\",\"contentUrl\":\"https:\\\/\\\/www.jam-essen.de\\\/wp-content\\\/uploads\\\/2020\\\/01\\\/logo_final_2014_35mm-e1577880599686.jpg\",\"width\":300,\"height\":214,\"caption\":\"JAM | jazz.akustisch.mobil\"},\"image\":{\"@id\":\"https:\\\/\\\/www.jam-essen.de\\\/#\\\/schema\\\/logo\\\/image\\\/\"},\"sameAs\":[\"https:\\\/\\\/www.youtube.com\\\/channel\\\/UChKYFRGuRm5su93jepRQUDA\"]}]}<\/script>\n<!-- \/ Yoast SEO plugin. -->","yoast_head_json":{"title":"St\u00fccke-Liste von JAM | jazz.akustisch.mobil","robots":{"index":"index","follow":"follow","max-snippet":"max-snippet:-1","max-image-preview":"max-image-preview:large","max-video-preview":"max-video-preview:-1"},"canonical":"https:\/\/www.jam-essen.de\/repertoire\/","og_locale":"en_US","og_type":"article","og_title":"Repertoire &#8211; JAM | jazz.akustisch.mobil","og_url":"https:\/\/www.jam-essen.de\/repertoire\/","og_site_name":"JAM | jazz.akustisch.mobil","article_modified_time":"2025-06-22T18:09:15+00:00","twitter_card":"summary_large_image","twitter_misc":{"Est. reading time":"2 minutes"},"schema":{"@context":"https:\/\/schema.org","@graph":[{"@type":"WebPage","@id":"https:\/\/www.jam-essen.de\/repertoire\/","url":"https:\/\/www.jam-essen.de\/repertoire\/","name":"St\u00fccke-Liste von JAM | jazz.akustisch.mobil","isPartOf":{"@id":"https:\/\/www.jam-essen.de\/#website"},"datePublished":"2020-01-01T11:08:47+00:00","dateModified":"2025-06-22T18:09:15+00:00","description":"Songs, die ideal f\u00fcr Dinnermusik geeignet sind: Repertoire von JAM f\u00fcr private Events wie Hochzeiten, Geburtstage sowie Er\u00f6ffnungen, Messen, Kundenveranstaltungen, Absolventenfeiern.","breadcrumb":{"@id":"https:\/\/www.jam-essen.de\/repertoire\/#breadcrumb"},"inLanguage":"en-US","potentialAction":[{"@type":"ReadAction","target":["https:\/\/www.jam-essen.de\/repertoire\/"]}]},{"@type":"BreadcrumbList","@id":"https:\/\/www.jam-essen.de\/repertoire\/#breadcrumb","itemListElement":[{"@type":"ListItem","position":1,"name":"Startseite","item":"https:\/\/www.jam-essen.de\/"},{"@type":"ListItem","position":2,"name":"Repertoire"}]},{"@type":"WebSite","@id":"https:\/\/www.jam-essen.de\/#website","url":"https:\/\/www.jam-essen.de\/","name":"JAM | jazz.akustisch.mobil","description":"","publisher":{"@id":"https:\/\/www.jam-essen.de\/#organization"},"potentialAction":[{"@type":"SearchAction","target":{"@type":"EntryPoint","urlTemplate":"https:\/\/www.jam-essen.de\/?s={search_term_string}"},"query-input":{"@type":"PropertyValueSpecification","valueRequired":true,"valueName":"search_term_string"}}],"inLanguage":"en-US"},{"@type":"Organization","@id":"https:\/\/www.jam-essen.de\/#organization","name":"JAM | jazz.akustisch.mobil","url":"https:\/\/www.jam-essen.de\/","logo":{"@type":"ImageObject","inLanguage":"en-US","@id":"https:\/\/www.jam-essen.de\/#\/schema\/logo\/image\/","url":"https:\/\/www.jam-essen.de\/wp-content\/uploads\/2020\/01\/logo_final_2014_35mm-e1577880599686.jpg","contentUrl":"https:\/\/www.jam-essen.de\/wp-content\/uploads\/2020\/01\/logo_final_2014_35mm-e1577880599686.jpg","width":300,"height":214,"caption":"JAM | jazz.akustisch.mobil"},"image":{"@id":"https:\/\/www.jam-essen.de\/#\/schema\/logo\/image\/"},"sameAs":["https:\/\/www.youtube.com\/channel\/UChKYFRGuRm5su93jepRQUDA"]}]}},"_links":{"self":[{"href":"https:\/\/www.jam-essen.de\/en\/wp-json\/wp\/v2\/pages\/20","targetHints":{"allow":["GET"]}}],"collection":[{"href":"https:\/\/www.jam-essen.de\/en\/wp-json\/wp\/v2\/pages"}],"about":[{"href":"https:\/\/www.jam-essen.de\/en\/wp-json\/wp\/v2\/types\/page"}],"author":[{"embeddable":true,"href":"https:\/\/www.jam-essen.de\/en\/wp-json\/wp\/v2\/users\/1"}],"replies":[{"embeddable":true,"href":"https:\/\/www.jam-essen.de\/en\/wp-json\/wp\/v2\/comments?post=20"}],"version-history":[{"count":5,"href":"https:\/\/www.jam-essen.de\/en\/wp-json\/wp\/v2\/pages\/20\/revisions"}],"predecessor-version":[{"id":657,"href":"https:\/\/www.jam-essen.de\/en\/wp-json\/wp\/v2\/pages\/20\/revisions\/657"}],"wp:attachment":[{"href":"https:\/\/www.jam-essen.de\/en\/wp-json\/wp\/v2\/media?parent=20"}],"curies":[{"name":"wp","href":"https:\/\/api.w.org\/{rel}","templated":true}]}}