{"id":333,"date":"2020-01-10T20:04:32","date_gmt":"2020-01-10T20:04:32","guid":{"rendered":"https:\/\/www.jam-essen.de\/?page_id=333"},"modified":"2025-06-19T14:47:58","modified_gmt":"2025-06-19T14:47:58","slug":"fotos-auszug","status":"publish","type":"page","link":"https:\/\/www.jam-essen.de\/en\/fotos-auszug\/","title":{"rendered":"Recent photos"},"content":{"rendered":"\n<figure class=\"wp-block-gallery columns-3 is-cropped wp-block-gallery-1 is-layout-flex wp-block-gallery-is-layout-flex\"><ul class=\"blocks-gallery-grid\"><li class=\"blocks-gallery-item\"><figure><img decoding=\"async\" width=\"800\" height=\"450\" src=\"https:\/\/www.jam-essen.de\/wp-content\/uploads\/2022\/04\/duesseldorf_2022_1_1500px-800x450.jpg\" alt=\"\" data-id=\"544\" data-full-url=\"https:\/\/www.jam-essen.de\/wp-content\/uploads\/2022\/04\/duesseldorf_2022_1_1500px.jpg\" data-link=\"https:\/\/www.jam-essen.de\/fotos-auszug\/duesseldorf_2022_1_1500px\/\" class=\"wp-image-544\" srcset=\"https:\/\/www.jam-essen.de\/wp-content\/uploads\/2022\/04\/duesseldorf_2022_1_1500px-800x450.jpg 800w, https:\/\/www.jam-essen.de\/wp-content\/uploads\/2022\/04\/duesseldorf_2022_1_1500px-300x169.jpg 300w, https:\/\/www.jam-essen.de\/wp-content\/uploads\/2022\/04\/duesseldorf_2022_1_1500px-768x432.jpg 768w, https:\/\/www.jam-essen.de\/wp-content\/uploads\/2022\/04\/duesseldorf_2022_1_1500px-408x230.jpg 408w, https:\/\/www.jam-essen.de\/wp-content\/uploads\/2022\/04\/duesseldorf_2022_1_1500px.jpg 1500w\" sizes=\"(max-width: 800px) 100vw, 800px\" \/><figcaption class=\"blocks-gallery-item__caption\">Musikalische Begr\u00fc\u00dfung der G\u00e4ste (Foto: Band)<\/figcaption><\/figure><\/li><li class=\"blocks-gallery-item\"><figure><img decoding=\"async\" width=\"800\" height=\"533\" src=\"https:\/\/www.jam-essen.de\/wp-content\/uploads\/2020\/08\/White_Dinner032_1500px-800x533.jpg\" alt=\"\" data-id=\"349\" data-link=\"https:\/\/www.jam-essen.de\/fotos\/white_dinner032_1500px\/\" class=\"wp-image-349\" srcset=\"https:\/\/www.jam-essen.de\/wp-content\/uploads\/2020\/08\/White_Dinner032_1500px-800x533.jpg 800w, https:\/\/www.jam-essen.de\/wp-content\/uploads\/2020\/08\/White_Dinner032_1500px-300x200.jpg 300w, https:\/\/www.jam-essen.de\/wp-content\/uploads\/2020\/08\/White_Dinner032_1500px-768x512.jpg 768w, https:\/\/www.jam-essen.de\/wp-content\/uploads\/2020\/08\/White_Dinner032_1500px-408x272.jpg 408w, https:\/\/www.jam-essen.de\/wp-content\/uploads\/2020\/08\/White_Dinner032_1500px.jpg 1500w\" sizes=\"(max-width: 800px) 100vw, 800px\" \/><figcaption class=\"blocks-gallery-item__caption\">Gartenparty in Krefeld (Foto: Angelika Barth)<\/figcaption><\/figure><\/li><li class=\"blocks-gallery-item\"><figure><img decoding=\"async\" width=\"800\" height=\"534\" src=\"https:\/\/www.jam-essen.de\/wp-content\/uploads\/2020\/01\/jam_jazz_akustisch_mobil_essen_001_1000px-800x534.jpg\" alt=\"JAM bei einem Kongress in Bochum\" data-id=\"310\" data-link=\"https:\/\/www.jam-essen.de\/jam_jazz_akustisch_mobil_essen_001_1000px\/\" class=\"wp-image-310\" srcset=\"https:\/\/www.jam-essen.de\/wp-content\/uploads\/2020\/01\/jam_jazz_akustisch_mobil_essen_001_1000px-800x534.jpg 800w, https:\/\/www.jam-essen.de\/wp-content\/uploads\/2020\/01\/jam_jazz_akustisch_mobil_essen_001_1000px-300x200.jpg 300w, https:\/\/www.jam-essen.de\/wp-content\/uploads\/2020\/01\/jam_jazz_akustisch_mobil_essen_001_1000px-768x512.jpg 768w, https:\/\/www.jam-essen.de\/wp-content\/uploads\/2020\/01\/jam_jazz_akustisch_mobil_essen_001_1000px-408x272.jpg 408w, https:\/\/www.jam-essen.de\/wp-content\/uploads\/2020\/01\/jam_jazz_akustisch_mobil_essen_001_1000px.jpg 1000w\" sizes=\"(max-width: 800px) 100vw, 800px\" \/><figcaption class=\"blocks-gallery-item__caption\">Kongress in Bochum (Foto: R. Baege)<\/figcaption><\/figure><\/li><\/ul><\/figure>\n\n\n\n<p><a href=\"https:\/\/www.jam-essen.de\/en\/fotos\/\">More photos<\/a><\/p>\n","protected":false},"excerpt":{"rendered":"<p>More photos<\/p>\n","protected":false},"author":1,"featured_media":0,"parent":0,"menu_order":0,"comment_status":"closed","ping_status":"closed","template":"","meta":{"footnotes":""},"class_list":["post-333","page","type-page","status-publish","hentry"],"translation":{"provider":"WPGlobus","version":"3.0.2","language":"en","enabled_languages":["de","en"],"languages":{"de":{"title":true,"content":true,"excerpt":false},"en":{"title":true,"content":true,"excerpt":false}}},"yoast_head":"<!-- This site is optimized with the Yoast SEO plugin v27.4 - https:\/\/yoast.com\/product\/yoast-seo-wordpress\/ -->\n<title>Recent photos &#8211; JAM | jazz.akustisch.mobil<\/title>\n<meta name=\"robots\" content=\"index, follow, max-snippet:-1, max-image-preview:large, max-video-preview:-1\" \/>\n<link rel=\"canonical\" href=\"https:\/\/www.jam-essen.de\/fotos-auszug\/\" \/>\n<meta property=\"og:locale\" content=\"en_US\" \/>\n<meta property=\"og:type\" content=\"article\" \/>\n<meta property=\"og:title\" content=\"Recent photos &#8211; JAM | jazz.akustisch.mobil\" \/>\n<meta property=\"og:url\" content=\"https:\/\/www.jam-essen.de\/fotos-auszug\/\" \/>\n<meta property=\"og:site_name\" content=\"JAM | jazz.akustisch.mobil\" \/>\n<meta property=\"article:modified_time\" content=\"2025-06-19T14:47:58+00:00\" \/>\n<meta property=\"og:image\" content=\"https:\/\/www.jam-essen.de\/wp-content\/uploads\/2025\/06\/JAM_2025_Bochum_014_2000px.jpg\" \/>\n\t<meta property=\"og:image:width\" content=\"2000\" \/>\n\t<meta property=\"og:image:height\" content=\"1333\" \/>\n\t<meta property=\"og:image:type\" content=\"image\/jpeg\" \/>\n<meta name=\"twitter:card\" content=\"summary_large_image\" \/>\n<meta name=\"twitter:label1\" content=\"Est. reading time\" \/>\n\t<meta name=\"twitter:data1\" content=\"1 minute\" \/>\n<script type=\"application\/ld+json\" class=\"yoast-schema-graph\">{\"@context\":\"https:\\\/\\\/schema.org\",\"@graph\":[{\"@type\":\"WebPage\",\"@id\":\"https:\\\/\\\/www.jam-essen.de\\\/fotos-auszug\\\/\",\"url\":\"https:\\\/\\\/www.jam-essen.de\\\/fotos-auszug\\\/\",\"name\":\"Recent photos &#8211; JAM | jazz.akustisch.mobil\",\"isPartOf\":{\"@id\":\"https:\\\/\\\/www.jam-essen.de\\\/#website\"},\"primaryImageOfPage\":{\"@id\":\"https:\\\/\\\/www.jam-essen.de\\\/fotos-auszug\\\/#primaryimage\"},\"image\":{\"@id\":\"https:\\\/\\\/www.jam-essen.de\\\/fotos-auszug\\\/#primaryimage\"},\"thumbnailUrl\":\"https:\\\/\\\/www.jam-essen.de\\\/wp-content\\\/uploads\\\/2025\\\/06\\\/JAM_2025_Bochum_014_2000px-800x533.jpg\",\"datePublished\":\"2020-01-10T20:04:32+00:00\",\"dateModified\":\"2025-06-19T14:47:58+00:00\",\"breadcrumb\":{\"@id\":\"https:\\\/\\\/www.jam-essen.de\\\/fotos-auszug\\\/#breadcrumb\"},\"inLanguage\":\"en-US\",\"potentialAction\":[{\"@type\":\"ReadAction\",\"target\":[\"https:\\\/\\\/www.jam-essen.de\\\/fotos-auszug\\\/\"]}]},{\"@type\":\"ImageObject\",\"inLanguage\":\"en-US\",\"@id\":\"https:\\\/\\\/www.jam-essen.de\\\/fotos-auszug\\\/#primaryimage\",\"url\":\"https:\\\/\\\/www.jam-essen.de\\\/wp-content\\\/uploads\\\/2025\\\/06\\\/JAM_2025_Bochum_014_2000px-800x533.jpg\",\"contentUrl\":\"https:\\\/\\\/www.jam-essen.de\\\/wp-content\\\/uploads\\\/2025\\\/06\\\/JAM_2025_Bochum_014_2000px-800x533.jpg\"},{\"@type\":\"BreadcrumbList\",\"@id\":\"https:\\\/\\\/www.jam-essen.de\\\/fotos-auszug\\\/#breadcrumb\",\"itemListElement\":[{\"@type\":\"ListItem\",\"position\":1,\"name\":\"Startseite\",\"item\":\"https:\\\/\\\/www.jam-essen.de\\\/\"},{\"@type\":\"ListItem\",\"position\":2,\"name\":\"Aktuelle Fotos\"}]},{\"@type\":\"WebSite\",\"@id\":\"https:\\\/\\\/www.jam-essen.de\\\/#website\",\"url\":\"https:\\\/\\\/www.jam-essen.de\\\/\",\"name\":\"JAM | jazz.akustisch.mobil\",\"description\":\"\",\"publisher\":{\"@id\":\"https:\\\/\\\/www.jam-essen.de\\\/#organization\"},\"potentialAction\":[{\"@type\":\"SearchAction\",\"target\":{\"@type\":\"EntryPoint\",\"urlTemplate\":\"https:\\\/\\\/www.jam-essen.de\\\/?s={search_term_string}\"},\"query-input\":{\"@type\":\"PropertyValueSpecification\",\"valueRequired\":true,\"valueName\":\"search_term_string\"}}],\"inLanguage\":\"en-US\"},{\"@type\":\"Organization\",\"@id\":\"https:\\\/\\\/www.jam-essen.de\\\/#organization\",\"name\":\"JAM | jazz.akustisch.mobil\",\"url\":\"https:\\\/\\\/www.jam-essen.de\\\/\",\"logo\":{\"@type\":\"ImageObject\",\"inLanguage\":\"en-US\",\"@id\":\"https:\\\/\\\/www.jam-essen.de\\\/#\\\/schema\\\/logo\\\/image\\\/\",\"url\":\"https:\\\/\\\/www.jam-essen.de\\\/wp-content\\\/uploads\\\/2020\\\/01\\\/logo_final_2014_35mm-e1577880599686.jpg\",\"contentUrl\":\"https:\\\/\\\/www.jam-essen.de\\\/wp-content\\\/uploads\\\/2020\\\/01\\\/logo_final_2014_35mm-e1577880599686.jpg\",\"width\":300,\"height\":214,\"caption\":\"JAM | jazz.akustisch.mobil\"},\"image\":{\"@id\":\"https:\\\/\\\/www.jam-essen.de\\\/#\\\/schema\\\/logo\\\/image\\\/\"},\"sameAs\":[\"https:\\\/\\\/www.youtube.com\\\/channel\\\/UChKYFRGuRm5su93jepRQUDA\"]}]}<\/script>\n<!-- \/ Yoast SEO plugin. -->","yoast_head_json":{"title":"Recent photos &#8211; JAM | jazz.akustisch.mobil","robots":{"index":"index","follow":"follow","max-snippet":"max-snippet:-1","max-image-preview":"max-image-preview:large","max-video-preview":"max-video-preview:-1"},"canonical":"https:\/\/www.jam-essen.de\/fotos-auszug\/","og_locale":"en_US","og_type":"article","og_title":"Recent photos &#8211; JAM | jazz.akustisch.mobil","og_url":"https:\/\/www.jam-essen.de\/fotos-auszug\/","og_site_name":"JAM | jazz.akustisch.mobil","article_modified_time":"2025-06-19T14:47:58+00:00","og_image":[{"width":2000,"height":1333,"url":"https:\/\/www.jam-essen.de\/wp-content\/uploads\/2025\/06\/JAM_2025_Bochum_014_2000px.jpg","type":"image\/jpeg"}],"twitter_card":"summary_large_image","twitter_misc":{"Est. reading time":"1 minute"},"schema":{"@context":"https:\/\/schema.org","@graph":[{"@type":"WebPage","@id":"https:\/\/www.jam-essen.de\/fotos-auszug\/","url":"https:\/\/www.jam-essen.de\/fotos-auszug\/","name":"Recent photos &#8211; JAM | jazz.akustisch.mobil","isPartOf":{"@id":"https:\/\/www.jam-essen.de\/#website"},"primaryImageOfPage":{"@id":"https:\/\/www.jam-essen.de\/fotos-auszug\/#primaryimage"},"image":{"@id":"https:\/\/www.jam-essen.de\/fotos-auszug\/#primaryimage"},"thumbnailUrl":"https:\/\/www.jam-essen.de\/wp-content\/uploads\/2025\/06\/JAM_2025_Bochum_014_2000px-800x533.jpg","datePublished":"2020-01-10T20:04:32+00:00","dateModified":"2025-06-19T14:47:58+00:00","breadcrumb":{"@id":"https:\/\/www.jam-essen.de\/fotos-auszug\/#breadcrumb"},"inLanguage":"en-US","potentialAction":[{"@type":"ReadAction","target":["https:\/\/www.jam-essen.de\/fotos-auszug\/"]}]},{"@type":"ImageObject","inLanguage":"en-US","@id":"https:\/\/www.jam-essen.de\/fotos-auszug\/#primaryimage","url":"https:\/\/www.jam-essen.de\/wp-content\/uploads\/2025\/06\/JAM_2025_Bochum_014_2000px-800x533.jpg","contentUrl":"https:\/\/www.jam-essen.de\/wp-content\/uploads\/2025\/06\/JAM_2025_Bochum_014_2000px-800x533.jpg"},{"@type":"BreadcrumbList","@id":"https:\/\/www.jam-essen.de\/fotos-auszug\/#breadcrumb","itemListElement":[{"@type":"ListItem","position":1,"name":"Startseite","item":"https:\/\/www.jam-essen.de\/"},{"@type":"ListItem","position":2,"name":"Aktuelle Fotos"}]},{"@type":"WebSite","@id":"https:\/\/www.jam-essen.de\/#website","url":"https:\/\/www.jam-essen.de\/","name":"JAM | jazz.akustisch.mobil","description":"","publisher":{"@id":"https:\/\/www.jam-essen.de\/#organization"},"potentialAction":[{"@type":"SearchAction","target":{"@type":"EntryPoint","urlTemplate":"https:\/\/www.jam-essen.de\/?s={search_term_string}"},"query-input":{"@type":"PropertyValueSpecification","valueRequired":true,"valueName":"search_term_string"}}],"inLanguage":"en-US"},{"@type":"Organization","@id":"https:\/\/www.jam-essen.de\/#organization","name":"JAM | jazz.akustisch.mobil","url":"https:\/\/www.jam-essen.de\/","logo":{"@type":"ImageObject","inLanguage":"en-US","@id":"https:\/\/www.jam-essen.de\/#\/schema\/logo\/image\/","url":"https:\/\/www.jam-essen.de\/wp-content\/uploads\/2020\/01\/logo_final_2014_35mm-e1577880599686.jpg","contentUrl":"https:\/\/www.jam-essen.de\/wp-content\/uploads\/2020\/01\/logo_final_2014_35mm-e1577880599686.jpg","width":300,"height":214,"caption":"JAM | jazz.akustisch.mobil"},"image":{"@id":"https:\/\/www.jam-essen.de\/#\/schema\/logo\/image\/"},"sameAs":["https:\/\/www.youtube.com\/channel\/UChKYFRGuRm5su93jepRQUDA"]}]}},"_links":{"self":[{"href":"https:\/\/www.jam-essen.de\/en\/wp-json\/wp\/v2\/pages\/333","targetHints":{"allow":["GET"]}}],"collection":[{"href":"https:\/\/www.jam-essen.de\/en\/wp-json\/wp\/v2\/pages"}],"about":[{"href":"https:\/\/www.jam-essen.de\/en\/wp-json\/wp\/v2\/types\/page"}],"author":[{"embeddable":true,"href":"https:\/\/www.jam-essen.de\/en\/wp-json\/wp\/v2\/users\/1"}],"replies":[{"embeddable":true,"href":"https:\/\/www.jam-essen.de\/en\/wp-json\/wp\/v2\/comments?post=333"}],"version-history":[{"count":13,"href":"https:\/\/www.jam-essen.de\/en\/wp-json\/wp\/v2\/pages\/333\/revisions"}],"predecessor-version":[{"id":645,"href":"https:\/\/www.jam-essen.de\/en\/wp-json\/wp\/v2\/pages\/333\/revisions\/645"}],"wp:attachment":[{"href":"https:\/\/www.jam-essen.de\/en\/wp-json\/wp\/v2\/media?parent=333"}],"curies":[{"name":"wp","href":"https:\/\/api.w.org\/{rel}","templated":true}]}}