{"id":8,"date":"2020-01-01T11:08:33","date_gmt":"2020-01-01T11:08:33","guid":{"rendered":"https:\/\/www.jam-essen.de\/?page_id=8"},"modified":"2025-06-22T18:13:32","modified_gmt":"2025-06-22T18:13:32","slug":"referenzen","status":"publish","type":"page","link":"https:\/\/www.jam-essen.de\/en\/referenzen\/","title":{"rendered":"References"},"content":{"rendered":"\n<p><strong>JAM clients<\/strong><\/p>\n\n\n\n<p>Schloss Styrum, M\u00fclheim an der Ruhr | SportSchloss Velen | Hotel Franz Essen | W\u00fcrttembergische Versicherung | Schloss Horst, Gelsenkirchen | Hochschule Ruhr West, M\u00fclheim an der Ruhr | Universit\u00e4t Bochum | Hochtief | Wagner Group GmbH | Lehmbruck-Museum Duisburg | Stockmanns Sanit\u00e4r, Krefeld | Einkaufszentrum Widumer Platz in Castrop-Rauxel | Schloss K\u00f6rtlinghausen in R\u00fcthen (bei Warstein) | Malkasten D\u00fcsseldorf | Arbeit und Leben DGB\/VHS NW e.V. | &#8220;Spot on Ruhr&#8221; in Gelsenkirchen und Bochum | Wirtschaftsf\u00f6rderung metropoleruhr GmbH | Wellings Romantik Hotel zur Linde, Moers-Repelen | K\u00e4te Hamburger Kolleg \/ Centre for Global Cooperation Research | Trianel GmbH, Aachen | Danzturm Iserlohn | Messe D\u00fcsseldorf | Air Products, Hattingen | &#8220;Fischers Kahn&#8221; D\u00fcsseldorf | Entwicklungsgesellschaft Duisburg | Eventagentur Beauty Of Speed, Hennef | Bayern LB M\u00fcnchen | Kaiserhof Willich | Hyatt Regency D\u00fcsseldorf | Hilton D\u00fcsseldorf | IHS Markit, New York | Maxcologne, K\u00f6ln | Lehmbruck-Museum Duisburg | Seniorenheim Bischofstra\u00dfe Krefeld | Zeughaus der Prinzengarde Krefeld | Botanischer Garten, Orangerie Wuppertal | Schloss Gartrop H\u00fcnxe | Vestischer Golfclub Recklinghausen | Wasserschloss Raesfeld | Sampsistemi S.r.l. Italien | CDU Berlin | Casino in der Zeche Zollverein | Praxiser\u00f6ffnung in Duisburg | Eventagentur FirstKlas K\u00f6ln | Hilton K\u00f6ln | Lights Intsruments Ltg. Israel | Gut Havichhorst M\u00fcnster |  Spargelhof Schippers Alpen |  Cutera |  &#8230;<\/p>\n\n\n\n<p><strong>JAM&#8217;s mobile dinner jazz is just right for these events<\/strong><\/p>\n\n\n\n<p>Customer events | employee events | weddings | birthday parties | congresses | company celebrations | company anniversaries | trade fairs | receptions | executive conferences | after-show parties | vernissages | open days | New Year&#8217;s Eve balls | vernissages | community events | topping-out ceremonies | conferences | opening ceremonies | groundbreakings | image events | and many other events<\/p>\n","protected":false},"excerpt":{"rendered":"<p>JAM clients Schloss Styrum, M\u00fclheim an der Ruhr | SportSchloss Velen | Hotel Franz Essen | W\u00fcrttembergische Versicherung | Schloss Horst, Gelsenkirchen | Hochschule Ruhr West, M\u00fclheim an der Ruhr | Universit\u00e4t Bochum | Hochtief \u2026<\/p>\n","protected":false},"author":1,"featured_media":0,"parent":0,"menu_order":0,"comment_status":"closed","ping_status":"closed","template":"","meta":{"footnotes":""},"class_list":["post-8","page","type-page","status-publish","hentry"],"translation":{"provider":"WPGlobus","version":"3.0.2","language":"en","enabled_languages":["de","en"],"languages":{"de":{"title":true,"content":true,"excerpt":false},"en":{"title":true,"content":true,"excerpt":false}}},"yoast_head":"<!-- This site is optimized with the Yoast SEO plugin v27.5 - https:\/\/yoast.com\/product\/yoast-seo-wordpress\/ -->\n<title>Dinner-Jazzband buchen - JAM | jazz.akustisch.mobil - Dezent und mobil<\/title>\n<meta name=\"robots\" content=\"index, follow, max-snippet:-1, max-image-preview:large, max-video-preview:-1\" \/>\n<link rel=\"canonical\" href=\"https:\/\/www.jam-essen.de\/referenzen\/\" \/>\n<meta property=\"og:locale\" content=\"en_US\" \/>\n<meta property=\"og:type\" content=\"article\" \/>\n<meta property=\"og:title\" content=\"References &#8211; JAM | jazz.akustisch.mobil\" \/>\n<meta property=\"og:url\" content=\"https:\/\/www.jam-essen.de\/referenzen\/\" \/>\n<meta property=\"og:site_name\" content=\"JAM | jazz.akustisch.mobil\" \/>\n<meta property=\"article:modified_time\" content=\"2025-06-22T18:13:32+00:00\" \/>\n<meta name=\"twitter:card\" content=\"summary_large_image\" \/>\n<meta name=\"twitter:label1\" content=\"Est. reading time\" \/>\n\t<meta name=\"twitter:data1\" content=\"2 minutes\" \/>\n<script type=\"application\/ld+json\" class=\"yoast-schema-graph\">{\"@context\":\"https:\\\/\\\/schema.org\",\"@graph\":[{\"@type\":\"WebPage\",\"@id\":\"https:\\\/\\\/www.jam-essen.de\\\/referenzen\\\/\",\"url\":\"https:\\\/\\\/www.jam-essen.de\\\/referenzen\\\/\",\"name\":\"Dinner-Jazzband buchen - JAM | jazz.akustisch.mobil - Dezent und mobil\",\"isPartOf\":{\"@id\":\"https:\\\/\\\/www.jam-essen.de\\\/#website\"},\"datePublished\":\"2020-01-01T11:08:33+00:00\",\"dateModified\":\"2025-06-22T18:13:32+00:00\",\"description\":\"Dezente Dinnermusik buchen f\u00fcr Firmen- und private Events wie Hochzeiten, Geburtstage, Er\u00f6ffnungen, Messen, Kundenveranstaltung. Ohne Strom, mobile Band.\",\"breadcrumb\":{\"@id\":\"https:\\\/\\\/www.jam-essen.de\\\/referenzen\\\/#breadcrumb\"},\"inLanguage\":\"en-US\",\"potentialAction\":[{\"@type\":\"ReadAction\",\"target\":[\"https:\\\/\\\/www.jam-essen.de\\\/referenzen\\\/\"]}]},{\"@type\":\"BreadcrumbList\",\"@id\":\"https:\\\/\\\/www.jam-essen.de\\\/referenzen\\\/#breadcrumb\",\"itemListElement\":[{\"@type\":\"ListItem\",\"position\":1,\"name\":\"Startseite\",\"item\":\"https:\\\/\\\/www.jam-essen.de\\\/\"},{\"@type\":\"ListItem\",\"position\":2,\"name\":\"Referenzen\"}]},{\"@type\":\"WebSite\",\"@id\":\"https:\\\/\\\/www.jam-essen.de\\\/#website\",\"url\":\"https:\\\/\\\/www.jam-essen.de\\\/\",\"name\":\"JAM | jazz.akustisch.mobil\",\"description\":\"\",\"publisher\":{\"@id\":\"https:\\\/\\\/www.jam-essen.de\\\/#organization\"},\"potentialAction\":[{\"@type\":\"SearchAction\",\"target\":{\"@type\":\"EntryPoint\",\"urlTemplate\":\"https:\\\/\\\/www.jam-essen.de\\\/?s={search_term_string}\"},\"query-input\":{\"@type\":\"PropertyValueSpecification\",\"valueRequired\":true,\"valueName\":\"search_term_string\"}}],\"inLanguage\":\"en-US\"},{\"@type\":\"Organization\",\"@id\":\"https:\\\/\\\/www.jam-essen.de\\\/#organization\",\"name\":\"JAM | jazz.akustisch.mobil\",\"url\":\"https:\\\/\\\/www.jam-essen.de\\\/\",\"logo\":{\"@type\":\"ImageObject\",\"inLanguage\":\"en-US\",\"@id\":\"https:\\\/\\\/www.jam-essen.de\\\/#\\\/schema\\\/logo\\\/image\\\/\",\"url\":\"https:\\\/\\\/www.jam-essen.de\\\/wp-content\\\/uploads\\\/2020\\\/01\\\/logo_final_2014_35mm-e1577880599686.jpg\",\"contentUrl\":\"https:\\\/\\\/www.jam-essen.de\\\/wp-content\\\/uploads\\\/2020\\\/01\\\/logo_final_2014_35mm-e1577880599686.jpg\",\"width\":300,\"height\":214,\"caption\":\"JAM | jazz.akustisch.mobil\"},\"image\":{\"@id\":\"https:\\\/\\\/www.jam-essen.de\\\/#\\\/schema\\\/logo\\\/image\\\/\"},\"sameAs\":[\"https:\\\/\\\/www.youtube.com\\\/channel\\\/UChKYFRGuRm5su93jepRQUDA\"]}]}<\/script>\n<!-- \/ Yoast SEO plugin. -->","yoast_head_json":{"title":"Dinner-Jazzband buchen - JAM | jazz.akustisch.mobil - Dezent und mobil","robots":{"index":"index","follow":"follow","max-snippet":"max-snippet:-1","max-image-preview":"max-image-preview:large","max-video-preview":"max-video-preview:-1"},"canonical":"https:\/\/www.jam-essen.de\/referenzen\/","og_locale":"en_US","og_type":"article","og_title":"References &#8211; JAM | jazz.akustisch.mobil","og_url":"https:\/\/www.jam-essen.de\/referenzen\/","og_site_name":"JAM | jazz.akustisch.mobil","article_modified_time":"2025-06-22T18:13:32+00:00","twitter_card":"summary_large_image","twitter_misc":{"Est. reading time":"2 minutes"},"schema":{"@context":"https:\/\/schema.org","@graph":[{"@type":"WebPage","@id":"https:\/\/www.jam-essen.de\/referenzen\/","url":"https:\/\/www.jam-essen.de\/referenzen\/","name":"Dinner-Jazzband buchen - JAM | jazz.akustisch.mobil - Dezent und mobil","isPartOf":{"@id":"https:\/\/www.jam-essen.de\/#website"},"datePublished":"2020-01-01T11:08:33+00:00","dateModified":"2025-06-22T18:13:32+00:00","description":"Dezente Dinnermusik buchen f\u00fcr Firmen- und private Events wie Hochzeiten, Geburtstage, Er\u00f6ffnungen, Messen, Kundenveranstaltung. Ohne Strom, mobile Band.","breadcrumb":{"@id":"https:\/\/www.jam-essen.de\/referenzen\/#breadcrumb"},"inLanguage":"en-US","potentialAction":[{"@type":"ReadAction","target":["https:\/\/www.jam-essen.de\/referenzen\/"]}]},{"@type":"BreadcrumbList","@id":"https:\/\/www.jam-essen.de\/referenzen\/#breadcrumb","itemListElement":[{"@type":"ListItem","position":1,"name":"Startseite","item":"https:\/\/www.jam-essen.de\/"},{"@type":"ListItem","position":2,"name":"Referenzen"}]},{"@type":"WebSite","@id":"https:\/\/www.jam-essen.de\/#website","url":"https:\/\/www.jam-essen.de\/","name":"JAM | jazz.akustisch.mobil","description":"","publisher":{"@id":"https:\/\/www.jam-essen.de\/#organization"},"potentialAction":[{"@type":"SearchAction","target":{"@type":"EntryPoint","urlTemplate":"https:\/\/www.jam-essen.de\/?s={search_term_string}"},"query-input":{"@type":"PropertyValueSpecification","valueRequired":true,"valueName":"search_term_string"}}],"inLanguage":"en-US"},{"@type":"Organization","@id":"https:\/\/www.jam-essen.de\/#organization","name":"JAM | jazz.akustisch.mobil","url":"https:\/\/www.jam-essen.de\/","logo":{"@type":"ImageObject","inLanguage":"en-US","@id":"https:\/\/www.jam-essen.de\/#\/schema\/logo\/image\/","url":"https:\/\/www.jam-essen.de\/wp-content\/uploads\/2020\/01\/logo_final_2014_35mm-e1577880599686.jpg","contentUrl":"https:\/\/www.jam-essen.de\/wp-content\/uploads\/2020\/01\/logo_final_2014_35mm-e1577880599686.jpg","width":300,"height":214,"caption":"JAM | jazz.akustisch.mobil"},"image":{"@id":"https:\/\/www.jam-essen.de\/#\/schema\/logo\/image\/"},"sameAs":["https:\/\/www.youtube.com\/channel\/UChKYFRGuRm5su93jepRQUDA"]}]}},"_links":{"self":[{"href":"https:\/\/www.jam-essen.de\/en\/wp-json\/wp\/v2\/pages\/8","targetHints":{"allow":["GET"]}}],"collection":[{"href":"https:\/\/www.jam-essen.de\/en\/wp-json\/wp\/v2\/pages"}],"about":[{"href":"https:\/\/www.jam-essen.de\/en\/wp-json\/wp\/v2\/types\/page"}],"author":[{"embeddable":true,"href":"https:\/\/www.jam-essen.de\/en\/wp-json\/wp\/v2\/users\/1"}],"replies":[{"embeddable":true,"href":"https:\/\/www.jam-essen.de\/en\/wp-json\/wp\/v2\/comments?post=8"}],"version-history":[{"count":9,"href":"https:\/\/www.jam-essen.de\/en\/wp-json\/wp\/v2\/pages\/8\/revisions"}],"predecessor-version":[{"id":658,"href":"https:\/\/www.jam-essen.de\/en\/wp-json\/wp\/v2\/pages\/8\/revisions\/658"}],"wp:attachment":[{"href":"https:\/\/www.jam-essen.de\/en\/wp-json\/wp\/v2\/media?parent=8"}],"curies":[{"name":"wp","href":"https:\/\/api.w.org\/{rel}","templated":true}]}}